{"id":3,"date":"2020-12-10T21:39:37","date_gmt":"2020-12-11T00:39:37","guid":{"rendered":"http:\/\/adees.com.br\/site\/?page_id=3"},"modified":"2025-04-15T16:40:02","modified_gmt":"2025-04-15T19:40:02","slug":"politica-de-privacidade","status":"publish","type":"page","link":"https:\/\/adees.com.br\/site\/politica-de-privacidade\/","title":{"rendered":"Pol\u00edtica de privacidade"},"content":{"rendered":"\n<h2 class=\"wp-block-heading has-palette-color-1-color has-text-color has-link-color wp-elements-50b7b8fd23a95dd41f5ac50fbf649186\">Ol\u00e1! Seja bem vindo(a) \u00e0 Adees Administradora de Condom\u00ednios<\/h2>\n\n\n\n<p>Este Aviso de Privacidade explica como a Adees usa, compartilha e protege as suas informa\u00e7\u00f5es pessoais. Ele se aplica a voc\u00ea se for um Propriet\u00e1rio, Locat\u00e1rio ou Colaborador de um<br>Condom\u00ednio que utiliza os nossos servi\u00e7os.<\/p>\n\n\n\n<p>Ao utilizar os servi\u00e7os da Adees, o seu Condom\u00ednio confia a n\u00f3s seus dados pessoais, e n\u00f3s temos o compromisso de proteg\u00ea-los. Este aviso detalha como fazemos isso e quais s\u00e3o os seus direitos em rela\u00e7\u00e3o aos seus dados.<\/p>\n\n\n\n<h3 class=\"wp-block-heading has-palette-color-1-color has-text-color has-link-color wp-elements-5d9003dc17f122d58615968ee6416363\">Propriet\u00e1rio<\/h3>\n\n\n\n<p>Para administrarmos cada uma das unidades condominiais, precisamos dos seus dados cadastrais (nome, endere\u00e7o, CPF, etc.) e da matr\u00edcula da sua unidade. Essa exig\u00eancia \u00e9 fundamental para cumprirmos o contrato de administra\u00e7\u00e3o firmado com o Condom\u00ednio.<br>Essa administra\u00e7\u00e3o envolve a gest\u00e3o financeira do condom\u00ednio e, tamb\u00e9m, a emiss\u00e3o da taxa condominial da sua unidade.<br>Para desempenhar todas essas atividades, precisaremos compartilhar as suas informa\u00e7\u00f5es com o Condom\u00ednio 21 e GroupCOM (softwares utilizados por n\u00f3s para a gest\u00e3o do seu Condom\u00ednio) e com o Cart\u00f3rio em que os registros do seu Condom\u00ednio est\u00e3o arquivados.<br>Se voc\u00ea se tornar inadimplente tamb\u00e9m utilizaremos seus dados para realizarmos a cobran\u00e7a das taxas condominiais em atraso (de forma extrajudicial ou judicial, conforme o caso).<\/p>\n\n\n\n<h3 class=\"wp-block-heading has-palette-color-1-color has-text-color has-link-color wp-elements-618b1f67166b8c76e3ac0e662c07f656\">Locat\u00e1rio<\/h3>\n\n\n\n<p>Se voc\u00ea alugou a unidade condominial onde mora, n\u00f3s precisaremos dos seus dados cadastrais (nome, endere\u00e7o, CPF\u2026) e da placa e modelo do seu autom\u00f3vel, se houver, para inclu\u00ed-lo(a) no nosso Cadastro.<br>Esses dados s\u00e3o necess\u00e1rios para que possamos realizar a gest\u00e3o do condom\u00ednio que voc\u00ea mora, controlar a quantidade de controles veiculares de cada unidade e distribuir os boletos de cobran\u00e7a de taxas condominiais.<br>Se voc\u00ea se tornar inadimplente tamb\u00e9m utilizaremos seus dados para realizarmos a cobran\u00e7a das taxas condominiais em atraso (de forma extrajudicial ou judicial, conforme o caso).<br>Para desempenhar todas essas atividades, precisaremos compartilhar as suas informa\u00e7\u00f5es com o Condom\u00ednio 21 e GroupCOM (softwares utilizados por n\u00f3s para a gest\u00e3o do seu condom\u00ednio) e com o Cart\u00f3rio em que os registros do seu condom\u00ednio est\u00e3o arquivados.<\/p>\n\n\n\n<h3 class=\"wp-block-heading has-palette-color-1-color has-text-color has-link-color wp-elements-e285adae2af95afb6c81c002d711cdb9\">Morador ou Visitante<\/h3>\n\n\n\n<p>Se voc\u00ea n\u00e3o \u00e9 propriet\u00e1rio(a) nem locador(a), mas mora no Condom\u00ednio voc\u00ea tamb\u00e9m estar\u00e1 nos nossos Cadastros.<br>Ainda que a Adees n\u00e3o realize o controle de acesso nas portarias disponibilizamos nossos softwares para que os respons\u00e1veis pela unidade condominial indiquem as pessoas que vivem ali, bem como visitantes e prestadores de servi\u00e7o autorizados a ingressar na unidade.<\/p>\n\n\n\n<h3 class=\"wp-block-heading has-palette-color-1-color has-text-color has-link-color wp-elements-677045a5e615fb83712992622cbdaefb\">S\u00edndico<\/h3>\n\n\n\n<p>O(A) S\u00edndico(a) representa o Condom\u00ednio nas rela\u00e7\u00f5es que ele estabelece com pessoas e institui\u00e7\u00f5es. Por isso, precisaremos compartilhar seus dados cadastrais, como nome, CPF, endere\u00e7o para realizarmos or\u00e7amentos e providenciarmos a contrata\u00e7\u00e3o de fornecedores e prestadores de servi\u00e7o para o Condom\u00ednio.<\/p>\n\n\n\n<h3 class=\"wp-block-heading has-palette-color-1-color has-text-color has-link-color wp-elements-f07b98d5a9b28d8e53a35ced939767a3\">Colaborador<\/h3>\n\n\n\n<p>Se voc\u00ea \u00e9 um(a) colaborador(a) do Condom\u00ednio, n\u00f3s precisaremos dos seus dados como (nome, endere\u00e7o, CPF, Atestado de Sa\u00fade Ocupacional dentre outros) para elaborar o seu Contrato de Trabalho e registrar o v\u00ednculo empregat\u00edcio na sua Carteira de Trabalho. Esses dados s\u00e3o exigidos por lei para a admiss\u00e3o e para obten\u00e7\u00e3o de sal\u00e1rio fam\u00edlia, se for o caso. Voc\u00ea tamb\u00e9m precisar\u00e1 nos informar seus dados banc\u00e1rios, para que possamos pagar o seu sal\u00e1rio e benef\u00edcios e, para isso,precisaremos ter acesso ao seu controle de ponto. Caso haja o encerramento de um v\u00ednculo empregat\u00edcio tamb\u00e9m podemos exigir a apresenta\u00e7\u00e3o de uma carta de demiss\u00e3o que conter\u00e1 o seu nome, CPF e cargo. Todas as atividades envolvendo a sua jornada no Condom\u00ednio (processo seletivo, contrata\u00e7\u00e3o, demiss\u00e3o, pagamento) em regra, s\u00e3o praticadas pela Adees.<\/p>\n\n\n\n<h3 class=\"wp-block-heading has-palette-color-1-color has-text-color has-link-color wp-elements-03eb0ba82beab64647cd5c0a811404a2\">Coment\u00e1rios<\/h3>\n\n\n\n<p>Quando os visitantes deixam coment\u00e1rios no site, coletamos os dados mostrados no formul\u00e1rio de coment\u00e1rios, al\u00e9m do endere\u00e7o de IP e de dados do navegador do visitante, para auxiliar na detec\u00e7\u00e3o de spam.<\/p>\n\n\n\n<p>Uma sequ\u00eancia anonimizada de caracteres criada a partir do seu e-mail (tamb\u00e9m chamada de hash) poder\u00e1 ser enviada para o Gravatar para verificar se voc\u00ea usa o servi\u00e7o. A pol\u00edtica de privacidade do Gravatar est\u00e1 dispon\u00edvel aqui: https:\/\/automattic.com\/privacy\/. Depois da aprova\u00e7\u00e3o do seu coment\u00e1rio, a foto do seu perfil fica vis\u00edvel publicamente junto de seu coment\u00e1rio.<\/p>\n\n\n\n<h3 class=\"wp-block-heading has-palette-color-1-color has-text-color has-link-color wp-elements-b0cc14edac2c6b9d3e809f6caac99f04\">M\u00eddia<\/h3>\n\n\n\n<p>Se voc\u00ea envia imagens para o site, evite enviar as que contenham dados de localiza\u00e7\u00e3o incorporados (EXIF GPS). Visitantes podem baixar estas imagens do site e extrair delas seus dados de localiza\u00e7\u00e3o.<\/p>\n\n\n\n<h3 class=\"wp-block-heading has-palette-color-1-color has-text-color has-link-color wp-elements-fbbc951b6447c17013af209f63aa548d\">Cookies<\/h3>\n\n\n\n<p>Ao deixar um coment\u00e1rio no site, voc\u00ea poder\u00e1 optar por salvar seu nome, e-mail e site nos cookies. Isso visa seu conforto, assim voc\u00ea n\u00e3o precisar\u00e1 preencher seus dados novamente quando fizer outro coment\u00e1rio. Estes cookies duram um ano.<\/p>\n\n\n\n<p>Se voc\u00ea tem uma conta e acessa este site, um cookie tempor\u00e1rio ser\u00e1 criado para determinar se seu navegador aceita cookies. Ele n\u00e3o cont\u00e9m nenhum dado pessoal e ser\u00e1 descartado quando voc\u00ea fechar seu navegador.<\/p>\n\n\n\n<p>Quando voc\u00ea acessa sua conta no site, tamb\u00e9m criamos v\u00e1rios cookies para salvar os dados da sua conta e suas escolhas de exibi\u00e7\u00e3o de tela. Cookies de login s\u00e3o mantidos por dois dias e cookies de op\u00e7\u00f5es de tela por um ano. Se voc\u00ea selecionar \u201cLembrar-me\u201d, seu acesso ser\u00e1 mantido por duas semanas. Se voc\u00ea se desconectar da sua conta, os cookies de login ser\u00e3o removidos.<\/p>\n\n\n\n<p>Se voc\u00ea editar ou publicar um artigo, um cookie adicional ser\u00e1 salvo no seu navegador. Este cookie n\u00e3o inclui nenhum dado pessoal e simplesmente indica o ID do post referente ao artigo que voc\u00ea acabou de editar. Ele expira depois de 1 dia.<\/p>\n\n\n\n<h3 class=\"wp-block-heading has-palette-color-1-color has-text-color has-link-color wp-elements-c915019cd67de5a91e9ee6aa225cbb24\">M\u00eddia incorporada de outros sites<\/h3>\n\n\n\n<p>Artigos neste site podem incluir conte\u00fado incorporado como, por exemplo, v\u00eddeos, imagens, artigos, etc. Conte\u00fados incorporados de outros sites se comportam exatamente da mesma forma como se o visitante estivesse visitando o outro site.<\/p>\n\n\n\n<p>Estes sites podem coletar dados sobre voc\u00ea, usar cookies, incorporar rastreamento adicional de terceiros e monitorar sua intera\u00e7\u00e3o com este conte\u00fado incorporado, incluindo sua intera\u00e7\u00e3o com o conte\u00fado incorporado se voc\u00ea tem uma conta e est\u00e1 conectado com o site.<\/p>\n\n\n\n<h3 class=\"wp-block-heading has-palette-color-1-color has-text-color has-link-color wp-elements-b09222bfc091a601688c84fc91a19b81\">Com quem partilhamos seus dados<\/h3>\n\n\n\n<p>Se voc\u00ea solicitar uma redefini\u00e7\u00e3o de senha, seu endere\u00e7o de IP ser\u00e1 inclu\u00eddo no e-mail de redefini\u00e7\u00e3o de senha.<\/p>\n\n\n\n<h3 class=\"wp-block-heading has-palette-color-1-color has-text-color has-link-color wp-elements-729dbc4b313af1afd1edbb80756bb8b8\">Por quanto tempo mantemos os seus dados<\/h3>\n\n\n\n<p>Se voc\u00ea deixar um coment\u00e1rio, o coment\u00e1rio e os seus metadados s\u00e3o conservados indefinidamente. Fazemos isso para que seja poss\u00edvel reconhecer e aprovar automaticamente qualquer coment\u00e1rio posterior ao inv\u00e9s de ret\u00ea-lo para modera\u00e7\u00e3o.<\/p>\n\n\n\n<p>Para usu\u00e1rios que se registram no nosso site (se houver), tamb\u00e9m guardamos as informa\u00e7\u00f5es pessoais que fornecem no seu perfil de usu\u00e1rio. Todos os usu\u00e1rios podem ver, editar ou excluir suas informa\u00e7\u00f5es pessoais a qualquer momento (s\u00f3 n\u00e3o \u00e9 poss\u00edvel alterar o seu username). Os administradores de sites tamb\u00e9m podem ver e editar estas informa\u00e7\u00f5es.<\/p>\n\n\n\n<h3 class=\"wp-block-heading has-palette-color-1-color has-text-color has-link-color wp-elements-42f93e16c92842c1f7f23335ec2ddadb\">Quais os seus direitos sobre seus dados<\/h3>\n\n\n\n<p>Se voc\u00ea tiver uma conta neste site ou se tiver deixado coment\u00e1rios, pode solicitar um arquivo exportado dos dados pessoais que mantemos sobre voc\u00ea, inclusive quaisquer dados que nos tenha fornecido. Tamb\u00e9m pode solicitar que removamos qualquer dado pessoal que mantemos sobre voc\u00ea. Isto n\u00e3o inclui nenhuns dados que somos obrigados a manter para prop\u00f3sitos administrativos, legais ou de seguran\u00e7a.<\/p>\n\n\n\n<h3 class=\"wp-block-heading has-palette-color-1-color has-text-color has-link-color wp-elements-b2243cbd4432d5bb601f00d2a5dae609\">Para onde enviamos seus dados<\/h3>\n\n\n\n<p>Coment\u00e1rios de visitantes podem ser marcados por um servi\u00e7o autom\u00e1tico de detec\u00e7\u00e3o de spam.<\/p>\n\n\n\n<h3 class=\"wp-block-heading has-palette-color-1-color has-text-color has-link-color wp-elements-67c336e58aab61bba0df36c500b44fb1\">Quer saber quais s\u00e3o seus direitos?<\/h3>\n\n\n\n<p>Independentemente da categoria em que voc\u00ea se enquadre, todas as pessoas que se relacionam com a Adees t\u00eam o direito de:<br>&#8211; Saber com quais dados seus lidamos e por qu\u00ea.<br>&#8211; Acessar seus dados. <br>&#8211; Corrigir dados incorretos ou desatualizados. <br>&#8211; Saber com quais institui\u00e7\u00f5es compartilhamos seus dados e por qu\u00ea. <br>&#8211; Solicitar que o uso de dados desnecess\u00e1rios ou excessivos seja interrompido.<\/p>\n\n\n\n<p>Mantemos os seus dados pessoais conosco apenas pelo tempo necess\u00e1rio para praticar as atividades que s\u00e3o mencionadas neste Aviso e conhecidas por voc\u00ea.<\/p>\n","protected":false},"excerpt":{"rendered":"<p>Ol\u00e1! Seja bem vindo(a) \u00e0 Adees Administradora de Condom\u00ednios Este Aviso de Privacidade explica como a Adees usa, compartilha e protege as suas informa\u00e7\u00f5es pessoais. Ele se aplica a voc\u00ea se for um Propriet\u00e1rio, Locat\u00e1rio ou Colaborador de umCondom\u00ednio que utiliza os nossos servi\u00e7os. Ao utilizar os servi\u00e7os da Adees, o seu Condom\u00ednio confia a [&hellip;]<\/p>\n","protected":false},"author":2,"featured_media":0,"parent":0,"menu_order":0,"comment_status":"closed","ping_status":"open","template":"","meta":{"footnotes":""},"class_list":["post-3","page","type-page","status-publish","hentry"],"blocksy_meta":[],"yoast_head":"<!-- This site is optimized with the Yoast SEO plugin v25.6 - https:\/\/yoast.com\/wordpress\/plugins\/seo\/ -->\n<title>Pol\u00edtica de privacidade - ADEES - Administradora de Condom\u00ednios<\/title>\n<meta name=\"description\" content=\"administradora de im\u00f3veis, curitiba, seguran\u00e7a, manuten\u00e7\u00e3o\" \/>\n<meta name=\"robots\" content=\"index, follow, max-snippet:-1, max-image-preview:large, max-video-preview:-1\" \/>\n<link rel=\"canonical\" href=\"https:\/\/adees.com.br\/site\/politica-de-privacidade\/\" \/>\n<meta property=\"og:locale\" content=\"pt_BR\" \/>\n<meta property=\"og:type\" content=\"article\" \/>\n<meta property=\"og:title\" content=\"Pol\u00edtica de privacidade - ADEES - Administradora de Condom\u00ednios\" \/>\n<meta property=\"og:description\" content=\"administradora de im\u00f3veis, curitiba, seguran\u00e7a, manuten\u00e7\u00e3o\" \/>\n<meta property=\"og:url\" content=\"https:\/\/adees.com.br\/site\/politica-de-privacidade\/\" \/>\n<meta property=\"og:site_name\" content=\"ADEES - Administradora de Condom\u00ednios\" \/>\n<meta property=\"article:publisher\" content=\"https:\/\/www.facebook.com\/adeescuritiba\" \/>\n<meta property=\"article:modified_time\" content=\"2025-04-15T19:40:02+00:00\" \/>\n<meta name=\"twitter:card\" content=\"summary_large_image\" \/>\n<meta name=\"twitter:label1\" content=\"Est. tempo de leitura\" \/>\n\t<meta name=\"twitter:data1\" content=\"7 minutos\" \/>\n<script type=\"application\/ld+json\" class=\"yoast-schema-graph\">{\"@context\":\"https:\/\/schema.org\",\"@graph\":[{\"@type\":\"WebPage\",\"@id\":\"https:\/\/adees.com.br\/site\/politica-de-privacidade\/\",\"url\":\"https:\/\/adees.com.br\/site\/politica-de-privacidade\/\",\"name\":\"Pol\u00edtica de privacidade - ADEES - Administradora de Condom\u00ednios\",\"isPartOf\":{\"@id\":\"https:\/\/adees.com.br\/site\/#website\"},\"datePublished\":\"2020-12-11T00:39:37+00:00\",\"dateModified\":\"2025-04-15T19:40:02+00:00\",\"description\":\"administradora de im\u00f3veis, curitiba, seguran\u00e7a, manuten\u00e7\u00e3o\",\"breadcrumb\":{\"@id\":\"https:\/\/adees.com.br\/site\/politica-de-privacidade\/#breadcrumb\"},\"inLanguage\":\"pt-BR\",\"potentialAction\":[{\"@type\":\"ReadAction\",\"target\":[\"https:\/\/adees.com.br\/site\/politica-de-privacidade\/\"]}]},{\"@type\":\"BreadcrumbList\",\"@id\":\"https:\/\/adees.com.br\/site\/politica-de-privacidade\/#breadcrumb\",\"itemListElement\":[{\"@type\":\"ListItem\",\"position\":1,\"name\":\"Home\",\"item\":\"https:\/\/adees.com.br\/site\/\"},{\"@type\":\"ListItem\",\"position\":2,\"name\":\"Pol\u00edtica de privacidade\"}]},{\"@type\":\"WebSite\",\"@id\":\"https:\/\/adees.com.br\/site\/#website\",\"url\":\"https:\/\/adees.com.br\/site\/\",\"name\":\"ADEES - Administradora de Condom\u00ednios\",\"description\":\"administradora de condom\u00ednios em curitiba\",\"publisher\":{\"@id\":\"https:\/\/adees.com.br\/site\/#organization\"},\"potentialAction\":[{\"@type\":\"SearchAction\",\"target\":{\"@type\":\"EntryPoint\",\"urlTemplate\":\"https:\/\/adees.com.br\/site\/?s={search_term_string}\"},\"query-input\":{\"@type\":\"PropertyValueSpecification\",\"valueRequired\":true,\"valueName\":\"search_term_string\"}}],\"inLanguage\":\"pt-BR\"},{\"@type\":\"Organization\",\"@id\":\"https:\/\/adees.com.br\/site\/#organization\",\"name\":\"Adees Administradora de Condom\u00ednios\",\"url\":\"https:\/\/adees.com.br\/site\/\",\"logo\":{\"@type\":\"ImageObject\",\"inLanguage\":\"pt-BR\",\"@id\":\"https:\/\/adees.com.br\/site\/#\/schema\/logo\/image\/\",\"url\":\"http:\/\/adees.com.br\/site\/wp-content\/uploads\/2020\/12\/logo-light-background.png\",\"contentUrl\":\"http:\/\/adees.com.br\/site\/wp-content\/uploads\/2020\/12\/logo-light-background.png\",\"width\":351,\"height\":104,\"caption\":\"Adees Administradora de Condom\u00ednios\"},\"image\":{\"@id\":\"https:\/\/adees.com.br\/site\/#\/schema\/logo\/image\/\"},\"sameAs\":[\"https:\/\/www.facebook.com\/adeescuritiba\",\"https:\/\/www.instagram.com\/adees_curitiba\"]}]}<\/script>\n<!-- \/ Yoast SEO plugin. -->","yoast_head_json":{"title":"Pol\u00edtica de privacidade - ADEES - Administradora de Condom\u00ednios","description":"administradora de im\u00f3veis, curitiba, seguran\u00e7a, manuten\u00e7\u00e3o","robots":{"index":"index","follow":"follow","max-snippet":"max-snippet:-1","max-image-preview":"max-image-preview:large","max-video-preview":"max-video-preview:-1"},"canonical":"https:\/\/adees.com.br\/site\/politica-de-privacidade\/","og_locale":"pt_BR","og_type":"article","og_title":"Pol\u00edtica de privacidade - ADEES - Administradora de Condom\u00ednios","og_description":"administradora de im\u00f3veis, curitiba, seguran\u00e7a, manuten\u00e7\u00e3o","og_url":"https:\/\/adees.com.br\/site\/politica-de-privacidade\/","og_site_name":"ADEES - Administradora de Condom\u00ednios","article_publisher":"https:\/\/www.facebook.com\/adeescuritiba","article_modified_time":"2025-04-15T19:40:02+00:00","twitter_card":"summary_large_image","twitter_misc":{"Est. tempo de leitura":"7 minutos"},"schema":{"@context":"https:\/\/schema.org","@graph":[{"@type":"WebPage","@id":"https:\/\/adees.com.br\/site\/politica-de-privacidade\/","url":"https:\/\/adees.com.br\/site\/politica-de-privacidade\/","name":"Pol\u00edtica de privacidade - ADEES - Administradora de Condom\u00ednios","isPartOf":{"@id":"https:\/\/adees.com.br\/site\/#website"},"datePublished":"2020-12-11T00:39:37+00:00","dateModified":"2025-04-15T19:40:02+00:00","description":"administradora de im\u00f3veis, curitiba, seguran\u00e7a, manuten\u00e7\u00e3o","breadcrumb":{"@id":"https:\/\/adees.com.br\/site\/politica-de-privacidade\/#breadcrumb"},"inLanguage":"pt-BR","potentialAction":[{"@type":"ReadAction","target":["https:\/\/adees.com.br\/site\/politica-de-privacidade\/"]}]},{"@type":"BreadcrumbList","@id":"https:\/\/adees.com.br\/site\/politica-de-privacidade\/#breadcrumb","itemListElement":[{"@type":"ListItem","position":1,"name":"Home","item":"https:\/\/adees.com.br\/site\/"},{"@type":"ListItem","position":2,"name":"Pol\u00edtica de privacidade"}]},{"@type":"WebSite","@id":"https:\/\/adees.com.br\/site\/#website","url":"https:\/\/adees.com.br\/site\/","name":"ADEES - Administradora de Condom\u00ednios","description":"administradora de condom\u00ednios em curitiba","publisher":{"@id":"https:\/\/adees.com.br\/site\/#organization"},"potentialAction":[{"@type":"SearchAction","target":{"@type":"EntryPoint","urlTemplate":"https:\/\/adees.com.br\/site\/?s={search_term_string}"},"query-input":{"@type":"PropertyValueSpecification","valueRequired":true,"valueName":"search_term_string"}}],"inLanguage":"pt-BR"},{"@type":"Organization","@id":"https:\/\/adees.com.br\/site\/#organization","name":"Adees Administradora de Condom\u00ednios","url":"https:\/\/adees.com.br\/site\/","logo":{"@type":"ImageObject","inLanguage":"pt-BR","@id":"https:\/\/adees.com.br\/site\/#\/schema\/logo\/image\/","url":"http:\/\/adees.com.br\/site\/wp-content\/uploads\/2020\/12\/logo-light-background.png","contentUrl":"http:\/\/adees.com.br\/site\/wp-content\/uploads\/2020\/12\/logo-light-background.png","width":351,"height":104,"caption":"Adees Administradora de Condom\u00ednios"},"image":{"@id":"https:\/\/adees.com.br\/site\/#\/schema\/logo\/image\/"},"sameAs":["https:\/\/www.facebook.com\/adeescuritiba","https:\/\/www.instagram.com\/adees_curitiba"]}]}},"_links":{"self":[{"href":"https:\/\/adees.com.br\/site\/wp-json\/wp\/v2\/pages\/3"}],"collection":[{"href":"https:\/\/adees.com.br\/site\/wp-json\/wp\/v2\/pages"}],"about":[{"href":"https:\/\/adees.com.br\/site\/wp-json\/wp\/v2\/types\/page"}],"author":[{"embeddable":true,"href":"https:\/\/adees.com.br\/site\/wp-json\/wp\/v2\/users\/2"}],"replies":[{"embeddable":true,"href":"https:\/\/adees.com.br\/site\/wp-json\/wp\/v2\/comments?post=3"}],"version-history":[{"count":4,"href":"https:\/\/adees.com.br\/site\/wp-json\/wp\/v2\/pages\/3\/revisions"}],"predecessor-version":[{"id":4412,"href":"https:\/\/adees.com.br\/site\/wp-json\/wp\/v2\/pages\/3\/revisions\/4412"}],"wp:attachment":[{"href":"https:\/\/adees.com.br\/site\/wp-json\/wp\/v2\/media?parent=3"}],"curies":[{"name":"wp","href":"https:\/\/api.w.org\/{rel}","templated":true}]}}